{"id":1823,"date":"2021-12-15T21:18:01","date_gmt":"2021-12-15T20:18:01","guid":{"rendered":"https:\/\/www.wellnessforbusiness.be\/a-propos-de-nous\/"},"modified":"2022-01-06T17:33:50","modified_gmt":"2022-01-06T16:33:50","slug":"a-propos-de-nous","status":"publish","type":"page","link":"https:\/\/www.wellnessforbusiness.be\/fr\/a-propos-de-nous\/","title":{"rendered":"A propos de Nous"},"content":{"rendered":"\n<section class=\"gc-hero\">\n\t\n<div class=\"gc-container gc-hero__container\" >\n\t\t\t\t\t\t\t\t<div class=\"gc-breadcrumb gc-hero__breadcrumb\">\n\t<nav aria-label=\"breadcrumbs\" class=\"rank-math-breadcrumb\"><p><span class=\"last\">Home<\/span><\/p><\/nav>\n<\/div>\t\t\t\t\t\t<div class=\"gc-hero__content\">\n\t\t\t\t<div class=\"gc-hero__wrapper\">\n\t\t\t\t\t<h1 class=\"gc-hero__title\">\n\t\t\t\t\t\tA propos de Nous\n\t\t\t\t\t<\/h1>\n\t\t\t\t\t<div class=\"gc-hero__text\">\n\t\t\t\t\t\t<p>Els et Koen ont fond\u00e9 Wellness for Business en 2007 par leur grand int\u00e9r\u00eat pour la sant\u00e9 mentale et physique. De leur passion, ils ont fait leur profession.<\/p>\n<p>&nbsp;<\/p>\n\n\t\t\t\t\t<\/div>\n\t\t\t\t<\/div>\n\t\t\t\t\t\t\t\t\t<div class=\"gc-hero__buttons\">\n\t\t\t\t\t\t\t\t\t\t\t\t\t\t\t\t\t\t\t\t\t\t\t\t\t\t\t\n\t\t\t\t\n\t<a href='https:\/\/www.wellnessforbusiness.be\/fr\/contact\/' class=\"gc-button gc-button--subtel gc-hero__button\" role=\"button\" >\n\t\t\t\tContactez-nous\n\t\t\t<\/a>\n\t\t\t\t\t\t\t\t\t\t\t<\/div>\n\t\t\t\t\t\t\t<\/div>\n\t\t\t<img loading=\"lazy\" decoding=\"async\" width=\"1440\" height=\"960\" src=\"https:\/\/www.wellnessforbusiness.be\/wp-content\/uploads\/DSCF2266-1440x960.jpg\" class=\"gc-hero__background\" alt=\"\" srcset=\"https:\/\/www.wellnessforbusiness.be\/wp-content\/uploads\/DSCF2266-1440x960.jpg 1440w, https:\/\/www.wellnessforbusiness.be\/wp-content\/uploads\/DSCF2266-300x200.jpg 300w, https:\/\/www.wellnessforbusiness.be\/wp-content\/uploads\/DSCF2266-1024x683.jpg 1024w, https:\/\/www.wellnessforbusiness.be\/wp-content\/uploads\/DSCF2266-768x512.jpg 768w, https:\/\/www.wellnessforbusiness.be\/wp-content\/uploads\/DSCF2266-1536x1024.jpg 1536w, https:\/\/www.wellnessforbusiness.be\/wp-content\/uploads\/DSCF2266-2048x1365.jpg 2048w\" sizes=\"auto, (max-width: 1440px) 100vw, 1440px\" \/>\n\t\t<\/div><\/section>\n\n\n<section class=\"gc-cwv gc-cwv--standard\">\n\t\n<div class=\"gc-container gc-container--has-margin gc-cwv__container\" >\n\t\t\t\t<div class=\"gc-cwv__visual\">\n\t\t\t\t\t\t\t\t\t\t\t\t\t\t\t\t<\/div>\n\t\t\t<div class=\"gc-cwv__content\">\n\t\t\t\t<div class=\"gc-cwv__heading\">\n\t\t\t\t\t\t\t\t\t\t<h2 class=\"gc-cwv__title\">\n\t\t\t\t\t\tVision et Mission\n\t\t\t\t\t<\/h2>\n\t\t\t\t\t\t\t\t\t<\/div>\n\t\t\t\t<div class=\"gc-cwv__text\">\n\t\t\t\t\t<p style=\"text-align: left;\">Notre \u00e9quipe de professionnels propose des ateliers anti-stress et li\u00e9s au travail, des webinaires et des massages d\u2019entreprise pour vos employ\u00e9s et clients. Ceci est possible dans votre entreprise ou sur un lieu de votre choix (salons, activit\u00e9s de teambuilding, \u00e9v\u00e9nements, incentives, f\u00eates du personnel, etc.)<\/p>\n<p style=\"text-align: left;\">Des employ\u00e9s absents co\u00fbtent beaucoup de temps et d\u2019argent. C\u2019est donc important de le pr\u00e9venir autant que possible. La pression du travail et les \u00e9ch\u00e9ances sont une source de stress, qui p\u00e8se sur le corps et l\u2019esprit. Ne pas se d\u00e9tendre suffisamment, cause des probl\u00e8mes\/plaintes mentaux et physiques tels que des maux de t\u00eate, des maux de dos, des raideurs musculaires, des douleurs au cou et aux \u00e9paules, un manque de confiance en soi, etc.<\/p>\n<p style=\"text-align: left;\">Une politique du personnel saine est donc d\u2019une importance capitale ! Les massages sur chaise, les ateliers fascinants et les webinaires sur le bien-\u00eatre et la sant\u00e9 sont un soutien efficace pour r\u00e9duire toutes ces plaintes.<\/p>\n<p style=\"text-align: left;\"><strong><em>Votre avantage<\/em><\/strong><em>: une rentabilit\u00e9 et une productivit\u00e9 accrues, une plus grande satisfaction au travail, une r\u00e9duction de l\u2019absent\u00e9isme, une diminution des plaintes li\u00e9es au stress, etc.<\/em><\/p>\n<p style=\"text-align: left;\"><em>Les employ\u00e9s sont \u2018le capital\u2019 le plus important de chaque entreprise. Investir dans leur bien-\u00eatre n\u2019est donc pas un luxe superflu mais une n\u00e9cessit\u00e9 absolue !<\/em><\/p>\n\n\t\t\t\t\t\t\t\t\t<\/div>\n\t\t\t\t\t\t\t<\/div>\n\t\t<\/div><\/section>\n\n\n\n<section class=\"gc-map\">\n\t\n<div class=\"gc-container\" >\n\t\t\t\t<h2 class=\"gc-map__title h3\">\n\t\t\t\tNos clients se situent dans toute la Belgique\n\t\t\t<\/h2>\n\t\t\t<img loading=\"lazy\" decoding=\"async\" width=\"1024\" height=\"559\" src=\"https:\/\/www.wellnessforbusiness.be\/wp-content\/uploads\/Group-16-1024x559.png\" class=\"gc-map__map gc-map__map--desktop\" alt=\"\" srcset=\"https:\/\/www.wellnessforbusiness.be\/wp-content\/uploads\/Group-16-1024x559.png 1024w, https:\/\/www.wellnessforbusiness.be\/wp-content\/uploads\/Group-16-300x164.png 300w, https:\/\/www.wellnessforbusiness.be\/wp-content\/uploads\/Group-16-768x420.png 768w, https:\/\/www.wellnessforbusiness.be\/wp-content\/uploads\/Group-16-1536x839.png 1536w, https:\/\/www.wellnessforbusiness.be\/wp-content\/uploads\/Group-16.png 1920w\" sizes=\"auto, (max-width: 1024px) 100vw, 1024px\" \/>\n\t\t\t<img loading=\"lazy\" decoding=\"async\" width=\"343\" height=\"343\" src=\"https:\/\/www.wellnessforbusiness.be\/wp-content\/uploads\/Group-15.png\" class=\"gc-map__map gc-map__map--mobile\" alt=\"\" srcset=\"https:\/\/www.wellnessforbusiness.be\/wp-content\/uploads\/Group-15.png 343w, https:\/\/www.wellnessforbusiness.be\/wp-content\/uploads\/Group-15-300x300.png 300w, https:\/\/www.wellnessforbusiness.be\/wp-content\/uploads\/Group-15-150x150.png 150w\" sizes=\"auto, (max-width: 343px) 100vw, 343px\" \/>\n\t\t<\/div><\/section>\n\n\n<section class=\"gc-cta gc-cta--button\">\n\t\n<div class=\"gc-container gc-container--has-padding gc-cta__container\" >\n\t\t\t\t<div class=\"gc-cta__wrapper\">\n\t\t\t\t<div class=\"gc-cta__content\">\n\t\t\t\t\t<h2 class=\"gc-cta__title\">\n\t\t\t\t\t\tVoulez-vous en savoir plus ?  <br \/>\r\nN&#8217;h\u00e9sitez pas \u00e0 nous contacter !\n\t\t\t\t\t<\/h2>\n\t\t\t\t\t\t\t\t\t\t\t<h3 class=\"gc-cta__subtitle\">\n\t\t\t\t\t\t\tObtenez une r\u00e9ponse  <br \/>\r\ndans les 24 heures.\n\t\t\t\t\t\t<\/h3>\n\t\t\t\t\t\t\t\t\t\t\t\n\t\t\t\t\n\t<a href='https:\/\/www.wellnessforbusiness.be\/fr\/contact\/' class=\"gc-button gc-cta__button\" role=\"button\" >\n\t\t\t\tContactez-nous\n\t\t\t<\/a>\n\t\t\t\t<\/div>\n\t\t\t\t\t\t\t<\/div>\n\t\t<\/div>\t<img loading=\"lazy\" decoding=\"async\" width=\"1024\" height=\"528\" src=\"https:\/\/www.wellnessforbusiness.be\/wp-content\/uploads\/Wellnessforbusiness-home-header-1024x528.jpg\" class=\"gc-cta__background\" alt=\"mannen in pak zittend in yogahouding\" srcset=\"https:\/\/www.wellnessforbusiness.be\/wp-content\/uploads\/Wellnessforbusiness-home-header-1024x528.jpg 1024w, https:\/\/www.wellnessforbusiness.be\/wp-content\/uploads\/Wellnessforbusiness-home-header-300x155.jpg 300w, https:\/\/www.wellnessforbusiness.be\/wp-content\/uploads\/Wellnessforbusiness-home-header-768x396.jpg 768w, https:\/\/www.wellnessforbusiness.be\/wp-content\/uploads\/Wellnessforbusiness-home-header-1536x791.jpg 1536w, https:\/\/www.wellnessforbusiness.be\/wp-content\/uploads\/Wellnessforbusiness-home-header-1440x742.jpg 1440w, https:\/\/www.wellnessforbusiness.be\/wp-content\/uploads\/Wellnessforbusiness-home-header.jpg 1980w\" sizes=\"auto, (max-width: 1024px) 100vw, 1024px\" \/>\n<\/section>","protected":false},"excerpt":{"rendered":"","protected":false},"author":1,"featured_media":0,"parent":0,"menu_order":0,"comment_status":"closed","ping_status":"closed","template":"","meta":{"_acf_changed":false,"footnotes":""},"class_list":["post-1823","page","type-page","status-publish","hentry"],"acf":[],"_links":{"self":[{"href":"https:\/\/www.wellnessforbusiness.be\/fr\/wp-json\/wp\/v2\/pages\/1823","targetHints":{"allow":["GET"]}}],"collection":[{"href":"https:\/\/www.wellnessforbusiness.be\/fr\/wp-json\/wp\/v2\/pages"}],"about":[{"href":"https:\/\/www.wellnessforbusiness.be\/fr\/wp-json\/wp\/v2\/types\/page"}],"author":[{"embeddable":true,"href":"https:\/\/www.wellnessforbusiness.be\/fr\/wp-json\/wp\/v2\/users\/1"}],"replies":[{"embeddable":true,"href":"https:\/\/www.wellnessforbusiness.be\/fr\/wp-json\/wp\/v2\/comments?post=1823"}],"version-history":[{"count":10,"href":"https:\/\/www.wellnessforbusiness.be\/fr\/wp-json\/wp\/v2\/pages\/1823\/revisions"}],"predecessor-version":[{"id":2010,"href":"https:\/\/www.wellnessforbusiness.be\/fr\/wp-json\/wp\/v2\/pages\/1823\/revisions\/2010"}],"wp:attachment":[{"href":"https:\/\/www.wellnessforbusiness.be\/fr\/wp-json\/wp\/v2\/media?parent=1823"}],"curies":[{"name":"wp","href":"https:\/\/api.w.org\/{rel}","templated":true}]}}